{"id":14,"date":"2021-01-04T11:31:55","date_gmt":"2021-01-04T10:31:55","guid":{"rendered":"http:\/\/graficalecci.it\/?page_id=14"},"modified":"2021-01-08T14:07:38","modified_gmt":"2021-01-08T13:07:38","slug":"il-nuovo-umoma-apre-i-battenti-2","status":"publish","type":"page","link":"https:\/\/graficalecci.it\/","title":{"rendered":"Grafica Alecci"},"content":{"rendered":"\n<div class=\"wp-block-group alignwide\"><div class=\"wp-block-group__inner-container is-layout-flow wp-block-group-is-layout-flow\">\n<h2 class=\"has-text-align-center wp-block-heading\">Passato, presente e futuro nell&#8217;esperienza di un&#8217;azienda artigiana specializzata.<\/h2>\n<\/div><\/div>\n\n\n\n<p class=\"has-drop-cap\">La Ditta prende il via nell\u2019ormai lontano 1941 a Firenze, dall\u2019idea imprenditoriale di un giovane acquafortista veneziano, Giuseppe Alecci, che inizia con un semplice bilanciere manuale con cui stampa l\u2019intestazione di biglietti da visita lettere e buste, supportato da uno straordinario incisore.<br>La piccola ditta cos\u00ec si espande e si sviluppa con nuovi e pi\u00f9 veloci macchinari, cui si accostano le prime Platine tipografiche, a completamento di un servizio sempre pi\u00f9 richiesto. Piccole forniture inizialmente, ma la cosa funziona ed \u00e8 molto apprezzata; nelle alte sfere dirigenziali, tra imprenditori e professionisti, riscuote ottimi successi poich\u00e9 la \u201cStampa in Rilievo\u201d viene intesa come simbolo di distinzione ed eleganza.<\/p>\n\n\n\n<p class=\"has-drop-cap\">Ed \u00e8 da quei macchinari che sono uscite alcune tra le pi\u00f9 belle carte intestate italiane: dalle Sartorie dell\u2019Alta Moda al Senato Italiano, dalle Case Vinicole di risonanza mondiale agli istituti di Credito, dai Comuni ai personaggi del mondo politico, finanziario ed industriale.<br>Aziende, enti e persone di estrazione assai diversa, accomunati dall\u2019indiscutibile fascino della grafica e degli smalti della Stampa in Rilievo.<br>Dopo quasi 70 anni la ditta ha mantenuto inalterata la sua natura ed i suoi scopi: essere un punto di riferimento per chi ritiene utile ed importante presentare se stesso ed i propri servizi con un impronta di buon gusto ed eleganza da sempre indispensabile nel mondo del lavoro.<\/p>\n\n\n\n<figure class=\"wp-block-image size-large\"><img loading=\"lazy\" decoding=\"async\" width=\"697\" height=\"1000\" src=\"https:\/\/graficalecci.it\/wp-content\/uploads\/2021\/01\/strumenti.png\" alt=\"\" class=\"wp-image-97\" srcset=\"https:\/\/graficalecci.it\/wp-content\/uploads\/2021\/01\/strumenti.png 697w, https:\/\/graficalecci.it\/wp-content\/uploads\/2021\/01\/strumenti-209x300.png 209w\" sizes=\"auto, (max-width: 697px) 100vw, 697px\" \/><\/figure>\n","protected":false},"excerpt":{"rendered":"<p>Passato, presente e futuro nell&#8217;esperienza di un&#8217;azienda artigiana specializzata. La Ditta prende il via nell\u2019ormai lontano 1941 a Firenze, dall\u2019idea imprenditoriale di un giovane acquafortista veneziano, Giuseppe Alecci, che inizia con un semplice bilanciere manuale con cui stampa l\u2019intestazione di biglietti da visita lettere e buste, supportato da uno straordinario incisore.La piccola ditta cos\u00ec si [&hellip;]<\/p>\n","protected":false},"author":1,"featured_media":97,"parent":0,"menu_order":0,"comment_status":"closed","ping_status":"closed","template":"templates\/template-cover.php","meta":{"footnotes":""},"class_list":["post-14","page","type-page","status-publish","has-post-thumbnail","hentry"],"yoast_head":"<!-- This site is optimized with the Yoast SEO plugin v21.8 - https:\/\/yoast.com\/wordpress\/plugins\/seo\/ -->\n<title>Grafica Alecci - Grafica Alecci<\/title>\n<meta name=\"robots\" content=\"index, follow, max-snippet:-1, max-image-preview:large, max-video-preview:-1\" \/>\n<link rel=\"canonical\" href=\"https:\/\/graficalecci.it\/\" \/>\n<meta property=\"og:locale\" content=\"it_IT\" \/>\n<meta property=\"og:type\" content=\"article\" \/>\n<meta property=\"og:title\" content=\"Grafica Alecci - Grafica Alecci\" \/>\n<meta property=\"og:description\" content=\"Passato, presente e futuro nell&#8217;esperienza di un&#8217;azienda artigiana specializzata. La Ditta prende il via nell\u2019ormai lontano 1941 a Firenze, dall\u2019idea imprenditoriale di un giovane acquafortista veneziano, Giuseppe Alecci, che inizia con un semplice bilanciere manuale con cui stampa l\u2019intestazione di biglietti da visita lettere e buste, supportato da uno straordinario incisore.La piccola ditta cos\u00ec si [&hellip;]\" \/>\n<meta property=\"og:url\" content=\"https:\/\/graficalecci.it\/\" \/>\n<meta property=\"og:site_name\" content=\"Grafica Alecci\" \/>\n<meta property=\"article:modified_time\" content=\"2021-01-08T13:07:38+00:00\" \/>\n<meta property=\"og:image\" content=\"https:\/\/graficalecci.it\/wp-content\/uploads\/2021\/01\/strumenti.png\" \/>\n\t<meta property=\"og:image:width\" content=\"697\" \/>\n\t<meta property=\"og:image:height\" content=\"1000\" \/>\n\t<meta property=\"og:image:type\" content=\"image\/png\" \/>\n<meta name=\"twitter:card\" content=\"summary_large_image\" \/>\n<meta name=\"twitter:label1\" content=\"Tempo di lettura stimato\" \/>\n\t<meta name=\"twitter:data1\" content=\"1 minuto\" \/>\n<script type=\"application\/ld+json\" class=\"yoast-schema-graph\">{\"@context\":\"https:\/\/schema.org\",\"@graph\":[{\"@type\":\"WebPage\",\"@id\":\"https:\/\/graficalecci.it\/\",\"url\":\"https:\/\/graficalecci.it\/\",\"name\":\"Grafica Alecci - Grafica Alecci\",\"isPartOf\":{\"@id\":\"https:\/\/graficalecci.it\/#website\"},\"datePublished\":\"2021-01-04T10:31:55+00:00\",\"dateModified\":\"2021-01-08T13:07:38+00:00\",\"breadcrumb\":{\"@id\":\"https:\/\/graficalecci.it\/#breadcrumb\"},\"inLanguage\":\"it-IT\",\"potentialAction\":[{\"@type\":\"ReadAction\",\"target\":[\"https:\/\/graficalecci.it\/\"]}]},{\"@type\":\"BreadcrumbList\",\"@id\":\"https:\/\/graficalecci.it\/#breadcrumb\",\"itemListElement\":[{\"@type\":\"ListItem\",\"position\":1,\"name\":\"Home\",\"item\":\"https:\/\/graficalecci.it\/\"},{\"@type\":\"ListItem\",\"position\":2,\"name\":\"Grafica Alecci\"}]},{\"@type\":\"WebSite\",\"@id\":\"https:\/\/graficalecci.it\/#website\",\"url\":\"https:\/\/graficalecci.it\/\",\"name\":\"Grafica Alecci\",\"description\":\"Stampa in smalto-rilievo e stampa in rilievo a secco\",\"publisher\":{\"@id\":\"https:\/\/graficalecci.it\/#organization\"},\"potentialAction\":[{\"@type\":\"SearchAction\",\"target\":{\"@type\":\"EntryPoint\",\"urlTemplate\":\"https:\/\/graficalecci.it\/?s={search_term_string}\"},\"query-input\":\"required name=search_term_string\"}],\"inLanguage\":\"it-IT\"},{\"@type\":\"Organization\",\"@id\":\"https:\/\/graficalecci.it\/#organization\",\"name\":\"Grafica Alecci\",\"url\":\"https:\/\/graficalecci.it\/\",\"logo\":{\"@type\":\"ImageObject\",\"inLanguage\":\"it-IT\",\"@id\":\"https:\/\/graficalecci.it\/#\/schema\/logo\/image\/\",\"url\":\"https:\/\/graficalecci.it\/wp-content\/uploads\/2021\/01\/logo-flat-chiaro.png\",\"contentUrl\":\"https:\/\/graficalecci.it\/wp-content\/uploads\/2021\/01\/logo-flat-chiaro.png\",\"width\":350,\"height\":150,\"caption\":\"Grafica Alecci\"},\"image\":{\"@id\":\"https:\/\/graficalecci.it\/#\/schema\/logo\/image\/\"}}]}<\/script>\n<!-- \/ Yoast SEO plugin. -->","yoast_head_json":{"title":"Grafica Alecci - Grafica Alecci","robots":{"index":"index","follow":"follow","max-snippet":"max-snippet:-1","max-image-preview":"max-image-preview:large","max-video-preview":"max-video-preview:-1"},"canonical":"https:\/\/graficalecci.it\/","og_locale":"it_IT","og_type":"article","og_title":"Grafica Alecci - Grafica Alecci","og_description":"Passato, presente e futuro nell&#8217;esperienza di un&#8217;azienda artigiana specializzata. La Ditta prende il via nell\u2019ormai lontano 1941 a Firenze, dall\u2019idea imprenditoriale di un giovane acquafortista veneziano, Giuseppe Alecci, che inizia con un semplice bilanciere manuale con cui stampa l\u2019intestazione di biglietti da visita lettere e buste, supportato da uno straordinario incisore.La piccola ditta cos\u00ec si [&hellip;]","og_url":"https:\/\/graficalecci.it\/","og_site_name":"Grafica Alecci","article_modified_time":"2021-01-08T13:07:38+00:00","og_image":[{"width":697,"height":1000,"url":"https:\/\/graficalecci.it\/wp-content\/uploads\/2021\/01\/strumenti.png","type":"image\/png"}],"twitter_card":"summary_large_image","twitter_misc":{"Tempo di lettura stimato":"1 minuto"},"schema":{"@context":"https:\/\/schema.org","@graph":[{"@type":"WebPage","@id":"https:\/\/graficalecci.it\/","url":"https:\/\/graficalecci.it\/","name":"Grafica Alecci - Grafica Alecci","isPartOf":{"@id":"https:\/\/graficalecci.it\/#website"},"datePublished":"2021-01-04T10:31:55+00:00","dateModified":"2021-01-08T13:07:38+00:00","breadcrumb":{"@id":"https:\/\/graficalecci.it\/#breadcrumb"},"inLanguage":"it-IT","potentialAction":[{"@type":"ReadAction","target":["https:\/\/graficalecci.it\/"]}]},{"@type":"BreadcrumbList","@id":"https:\/\/graficalecci.it\/#breadcrumb","itemListElement":[{"@type":"ListItem","position":1,"name":"Home","item":"https:\/\/graficalecci.it\/"},{"@type":"ListItem","position":2,"name":"Grafica Alecci"}]},{"@type":"WebSite","@id":"https:\/\/graficalecci.it\/#website","url":"https:\/\/graficalecci.it\/","name":"Grafica Alecci","description":"Stampa in smalto-rilievo e stampa in rilievo a secco","publisher":{"@id":"https:\/\/graficalecci.it\/#organization"},"potentialAction":[{"@type":"SearchAction","target":{"@type":"EntryPoint","urlTemplate":"https:\/\/graficalecci.it\/?s={search_term_string}"},"query-input":"required name=search_term_string"}],"inLanguage":"it-IT"},{"@type":"Organization","@id":"https:\/\/graficalecci.it\/#organization","name":"Grafica Alecci","url":"https:\/\/graficalecci.it\/","logo":{"@type":"ImageObject","inLanguage":"it-IT","@id":"https:\/\/graficalecci.it\/#\/schema\/logo\/image\/","url":"https:\/\/graficalecci.it\/wp-content\/uploads\/2021\/01\/logo-flat-chiaro.png","contentUrl":"https:\/\/graficalecci.it\/wp-content\/uploads\/2021\/01\/logo-flat-chiaro.png","width":350,"height":150,"caption":"Grafica Alecci"},"image":{"@id":"https:\/\/graficalecci.it\/#\/schema\/logo\/image\/"}}]}},"_links":{"self":[{"href":"https:\/\/graficalecci.it\/index.php?rest_route=\/wp\/v2\/pages\/14","targetHints":{"allow":["GET"]}}],"collection":[{"href":"https:\/\/graficalecci.it\/index.php?rest_route=\/wp\/v2\/pages"}],"about":[{"href":"https:\/\/graficalecci.it\/index.php?rest_route=\/wp\/v2\/types\/page"}],"author":[{"embeddable":true,"href":"https:\/\/graficalecci.it\/index.php?rest_route=\/wp\/v2\/users\/1"}],"replies":[{"embeddable":true,"href":"https:\/\/graficalecci.it\/index.php?rest_route=%2Fwp%2Fv2%2Fcomments&post=14"}],"version-history":[{"count":7,"href":"https:\/\/graficalecci.it\/index.php?rest_route=\/wp\/v2\/pages\/14\/revisions"}],"predecessor-version":[{"id":122,"href":"https:\/\/graficalecci.it\/index.php?rest_route=\/wp\/v2\/pages\/14\/revisions\/122"}],"wp:featuredmedia":[{"embeddable":true,"href":"https:\/\/graficalecci.it\/index.php?rest_route=\/wp\/v2\/media\/97"}],"wp:attachment":[{"href":"https:\/\/graficalecci.it\/index.php?rest_route=%2Fwp%2Fv2%2Fmedia&parent=14"}],"curies":[{"name":"wp","href":"https:\/\/api.w.org\/{rel}","templated":true}]}}