{"id":80,"date":"2021-01-04T15:40:17","date_gmt":"2021-01-04T14:40:17","guid":{"rendered":"http:\/\/graficalecci.it\/?page_id=80"},"modified":"2021-01-14T12:17:09","modified_gmt":"2021-01-14T11:17:09","slug":"la-tecnica-del-rilievo","status":"publish","type":"page","link":"https:\/\/graficalecci.it\/?page_id=80","title":{"rendered":"La tecnica del rilievo"},"content":{"rendered":"\n<p class=\"has-drop-cap\">La natura di questo tipo di stampa \u00e8 sempre la stessa.<br>L\u2019incisione inserita nel macchinario viene riempita di inchiostro nelle zone incise, ripulita delle quantit\u00e0 eccedenti e successivamente presentata nella zona stampa dove trova il foglio che, con il procedimento di pressione, acquisisce lo &#8220;sbalzo&#8221;, il colore e la quantit\u00e0 di inchiostro contenuto nell\u2019incisione.<\/p>\n\n\n\n<p>L\u2019essiccazione pu\u00f2 essere naturale e sono necessarie alcune ore, oppure istantanea con forni essiccativi allineati alla stampa. L\u00e0 dove il rilievo debba essere senza colore, baster\u00e0 non inserire l\u2019inchiostrazione ed il risultato sar\u00e0 il cosiddetto &#8220;Rilievo a Secco&#8221;.<br>L\u2019utilizzo dell\u2019una o dell\u2019altra dipende dall\u2019esigenza: da un lato tempi di consegna ristretti, dall\u2019altro una natura particolare della stampa che richiede particolari attenzioni.<\/p>\n\n\n\n<div class=\"wp-block-columns is-layout-flex wp-container-core-columns-is-layout-9d6595d7 wp-block-columns-is-layout-flex\">\n<div class=\"wp-block-column is-layout-flow wp-block-column-is-layout-flow\" style=\"flex-basis:66.66%\">\n<p> Gli attuali macchinari sono in grado di arrivare ad un massimo di produzione di circa 15.000 stampe al giorno, coprendo cos\u00ec tutte le richieste: dai 100 biglietti da visita alle forniture industriali, comprendendo pure quelle per stampanti laser.<\/p>\n<\/div>\n\n\n\n<div class=\"wp-block-column is-layout-flow wp-block-column-is-layout-flow\" style=\"flex-basis:33.34%\">\n<figure class=\"wp-block-image size-large is-resized\"><a href=\"https:\/\/graficalecci.it\/wp-content\/uploads\/2021\/01\/macchina-per-stampa.jpg\"><img loading=\"lazy\" decoding=\"async\" src=\"https:\/\/graficalecci.it\/wp-content\/uploads\/2021\/01\/macchina-per-stampa.jpg\" alt=\"\" class=\"wp-image-85\" width=\"298\" height=\"266\" srcset=\"https:\/\/graficalecci.it\/wp-content\/uploads\/2021\/01\/macchina-per-stampa.jpg 437w, https:\/\/graficalecci.it\/wp-content\/uploads\/2021\/01\/macchina-per-stampa-300x268.jpg 300w\" sizes=\"auto, (max-width: 298px) 100vw, 298px\" \/><\/a><\/figure>\n<\/div>\n<\/div>\n\n\n\n<p class=\"has-drop-cap\">La stampa in rilievo trova oggi come negli anni \u201850 un suo preciso collocamento, una sua funzione, oggi come allora, nel panorama della carta stampata. I cambiamenti tecnologici e sociali certamente hanno imposto un adeguamento ad esigenze ben diverse rispetto a quelle della clientela dell\u2019epoca: velocit\u00e0, elasticit\u00e0, economia, qualit\u00e0 di servizio, grande competenza. Ma niente di pi\u00f9. E noi ci siamo adeguati.<br>L\u2019avvento di Internet, del &#8220;digitale&#8221;, delle moderne stampanti che mettono in grado chiunque e con pochi euro, di stampare come farebbe uno specialista con 20 anni di esperienza e macchinari costosissimi, ci ha fatto pensare e non poco.<\/p>\n\n\n\n<p class=\"has-drop-cap\">Ma poi i primi timori si sono schiusi, intravedendo proprio nelle nuove tecnologie un valido alleato per valorizzare i nostri prodotti, i nostri servizi e la nostra professionalit\u00e0.<br>Oggi la nostra azienda abbina le pi\u00f9 antiche ed artigianali tecniche di comunicazione ai media del terzo millennio. Dalla stampa a secco ed in smalto-rilievo alla progettazione e realizzazione di Cd-Rom interattivi e siti web dinamici. Ma lo sviluppo di un&#8217;azienda non \u00e8 solo legato al potenziale produttivo, bens\u00ec e forse in maggior ragione, alla capacit\u00e0 di chi la dirige, di costruire buoni e duraturi rapporti personali con la propria clientela.<br>\u00c8 qui che trovano la loro migliore collocazione i nostri prodotti.<\/p>\n\n\n\n<div class=\"wp-block-group alignwide\"><div class=\"wp-block-group__inner-container is-layout-flow wp-block-group-is-layout-flow\">\n<div class=\"wp-block-group alignwide has-primary-color has-subtle-background-background-color has-text-color has-background\"><div class=\"wp-block-group__inner-container is-layout-flow wp-block-group-is-layout-flow\">\n<p class=\"has-drop-cap\"><strong>Presentarsi con un biglietto da visita \u00e8 ormai alla portata di tutti: ma la stampa in smalto-rilievo \u00e8 concretamente tutta un\u2019altra cosa: bella, elegante, classica nelle grafie di altri tempi, oppure negli effetti dell\u2019Hi-Tech della grafica contemporanea, crea interesse, &#8220;tocca chi la tocca&#8221;.<\/strong><br><strong>\u00c8 il migliore mezzo cui affidarsi per rappresentare noi stessi ed il nostro lavoro.<\/strong><\/p>\n\n\n\n<p>E noi ne conosciamo tutti i segreti per produrla e farla rendere al meglio per voi e la vostra azienda, perch\u00e9 \u00e8 il nostro mestiere da quasi 80 anni.<\/p>\n<\/div><\/div>\n\n\n\n<figure class=\"wp-block-image size-large is-resized\"><img loading=\"lazy\" decoding=\"async\" src=\"https:\/\/graficalecci.it\/wp-content\/uploads\/2021\/01\/ossidazione.jpg\" alt=\"\" class=\"wp-image-82\" width=\"615\" height=\"801\" srcset=\"https:\/\/graficalecci.it\/wp-content\/uploads\/2021\/01\/ossidazione.jpg 400w, https:\/\/graficalecci.it\/wp-content\/uploads\/2021\/01\/ossidazione-230x300.jpg 230w\" sizes=\"auto, (max-width: 615px) 100vw, 615px\" \/><\/figure>\n<\/div><\/div>\n","protected":false},"excerpt":{"rendered":"<p>La natura di questo tipo di stampa \u00e8 sempre la stessa.L\u2019incisione inserita nel macchinario viene riempita di inchiostro nelle zone incise, ripulita delle quantit\u00e0 eccedenti e successivamente presentata nella zona stampa dove trova il foglio che, con il procedimento di pressione, acquisisce lo &#8220;sbalzo&#8221;, il colore e la quantit\u00e0 di inchiostro contenuto nell\u2019incisione. L\u2019essiccazione pu\u00f2 [&hellip;]<\/p>\n","protected":false},"author":1,"featured_media":296,"parent":0,"menu_order":0,"comment_status":"closed","ping_status":"closed","template":"templates\/template-cover.php","meta":{"footnotes":""},"class_list":["post-80","page","type-page","status-publish","has-post-thumbnail","hentry"],"yoast_head":"<!-- This site is optimized with the Yoast SEO plugin v21.8 - https:\/\/yoast.com\/wordpress\/plugins\/seo\/ -->\n<title>La tecnica del rilievo - Grafica Alecci<\/title>\n<meta name=\"robots\" content=\"index, follow, max-snippet:-1, max-image-preview:large, max-video-preview:-1\" \/>\n<link rel=\"canonical\" href=\"https:\/\/graficalecci.it\/?page_id=80\" \/>\n<meta property=\"og:locale\" content=\"it_IT\" \/>\n<meta property=\"og:type\" content=\"article\" \/>\n<meta property=\"og:title\" content=\"La tecnica del rilievo - Grafica Alecci\" \/>\n<meta property=\"og:description\" content=\"La natura di questo tipo di stampa \u00e8 sempre la stessa.L\u2019incisione inserita nel macchinario viene riempita di inchiostro nelle zone incise, ripulita delle quantit\u00e0 eccedenti e successivamente presentata nella zona stampa dove trova il foglio che, con il procedimento di pressione, acquisisce lo &#8220;sbalzo&#8221;, il colore e la quantit\u00e0 di inchiostro contenuto nell\u2019incisione. L\u2019essiccazione pu\u00f2 [&hellip;]\" \/>\n<meta property=\"og:url\" content=\"https:\/\/graficalecci.it\/?page_id=80\" \/>\n<meta property=\"og:site_name\" content=\"Grafica Alecci\" \/>\n<meta property=\"article:modified_time\" content=\"2021-01-14T11:17:09+00:00\" \/>\n<meta property=\"og:image\" content=\"https:\/\/graficalecci.it\/wp-content\/uploads\/2021\/01\/amador-loureiro-BVyNlchWqzs-unsplash.jpg\" \/>\n\t<meta property=\"og:image:width\" content=\"1200\" \/>\n\t<meta property=\"og:image:height\" content=\"803\" \/>\n\t<meta property=\"og:image:type\" content=\"image\/jpeg\" \/>\n<meta name=\"twitter:card\" content=\"summary_large_image\" \/>\n<meta name=\"twitter:label1\" content=\"Tempo di lettura stimato\" \/>\n\t<meta name=\"twitter:data1\" content=\"2 minuti\" \/>\n<script type=\"application\/ld+json\" class=\"yoast-schema-graph\">{\"@context\":\"https:\/\/schema.org\",\"@graph\":[{\"@type\":\"WebPage\",\"@id\":\"https:\/\/graficalecci.it\/?page_id=80\",\"url\":\"https:\/\/graficalecci.it\/?page_id=80\",\"name\":\"La tecnica del rilievo - Grafica Alecci\",\"isPartOf\":{\"@id\":\"https:\/\/graficalecci.it\/#website\"},\"datePublished\":\"2021-01-04T14:40:17+00:00\",\"dateModified\":\"2021-01-14T11:17:09+00:00\",\"breadcrumb\":{\"@id\":\"https:\/\/graficalecci.it\/?page_id=80#breadcrumb\"},\"inLanguage\":\"it-IT\",\"potentialAction\":[{\"@type\":\"ReadAction\",\"target\":[\"https:\/\/graficalecci.it\/?page_id=80\"]}]},{\"@type\":\"BreadcrumbList\",\"@id\":\"https:\/\/graficalecci.it\/?page_id=80#breadcrumb\",\"itemListElement\":[{\"@type\":\"ListItem\",\"position\":1,\"name\":\"Home\",\"item\":\"https:\/\/graficalecci.it\/\"},{\"@type\":\"ListItem\",\"position\":2,\"name\":\"La tecnica del rilievo\"}]},{\"@type\":\"WebSite\",\"@id\":\"https:\/\/graficalecci.it\/#website\",\"url\":\"https:\/\/graficalecci.it\/\",\"name\":\"Grafica Alecci\",\"description\":\"Stampa in smalto-rilievo e stampa in rilievo a secco\",\"publisher\":{\"@id\":\"https:\/\/graficalecci.it\/#organization\"},\"potentialAction\":[{\"@type\":\"SearchAction\",\"target\":{\"@type\":\"EntryPoint\",\"urlTemplate\":\"https:\/\/graficalecci.it\/?s={search_term_string}\"},\"query-input\":\"required name=search_term_string\"}],\"inLanguage\":\"it-IT\"},{\"@type\":\"Organization\",\"@id\":\"https:\/\/graficalecci.it\/#organization\",\"name\":\"Grafica Alecci\",\"url\":\"https:\/\/graficalecci.it\/\",\"logo\":{\"@type\":\"ImageObject\",\"inLanguage\":\"it-IT\",\"@id\":\"https:\/\/graficalecci.it\/#\/schema\/logo\/image\/\",\"url\":\"https:\/\/graficalecci.it\/wp-content\/uploads\/2021\/01\/logo-flat-chiaro.png\",\"contentUrl\":\"https:\/\/graficalecci.it\/wp-content\/uploads\/2021\/01\/logo-flat-chiaro.png\",\"width\":350,\"height\":150,\"caption\":\"Grafica Alecci\"},\"image\":{\"@id\":\"https:\/\/graficalecci.it\/#\/schema\/logo\/image\/\"}}]}<\/script>\n<!-- \/ Yoast SEO plugin. -->","yoast_head_json":{"title":"La tecnica del rilievo - Grafica Alecci","robots":{"index":"index","follow":"follow","max-snippet":"max-snippet:-1","max-image-preview":"max-image-preview:large","max-video-preview":"max-video-preview:-1"},"canonical":"https:\/\/graficalecci.it\/?page_id=80","og_locale":"it_IT","og_type":"article","og_title":"La tecnica del rilievo - Grafica Alecci","og_description":"La natura di questo tipo di stampa \u00e8 sempre la stessa.L\u2019incisione inserita nel macchinario viene riempita di inchiostro nelle zone incise, ripulita delle quantit\u00e0 eccedenti e successivamente presentata nella zona stampa dove trova il foglio che, con il procedimento di pressione, acquisisce lo &#8220;sbalzo&#8221;, il colore e la quantit\u00e0 di inchiostro contenuto nell\u2019incisione. L\u2019essiccazione pu\u00f2 [&hellip;]","og_url":"https:\/\/graficalecci.it\/?page_id=80","og_site_name":"Grafica Alecci","article_modified_time":"2021-01-14T11:17:09+00:00","og_image":[{"width":1200,"height":803,"url":"https:\/\/graficalecci.it\/wp-content\/uploads\/2021\/01\/amador-loureiro-BVyNlchWqzs-unsplash.jpg","type":"image\/jpeg"}],"twitter_card":"summary_large_image","twitter_misc":{"Tempo di lettura stimato":"2 minuti"},"schema":{"@context":"https:\/\/schema.org","@graph":[{"@type":"WebPage","@id":"https:\/\/graficalecci.it\/?page_id=80","url":"https:\/\/graficalecci.it\/?page_id=80","name":"La tecnica del rilievo - Grafica Alecci","isPartOf":{"@id":"https:\/\/graficalecci.it\/#website"},"datePublished":"2021-01-04T14:40:17+00:00","dateModified":"2021-01-14T11:17:09+00:00","breadcrumb":{"@id":"https:\/\/graficalecci.it\/?page_id=80#breadcrumb"},"inLanguage":"it-IT","potentialAction":[{"@type":"ReadAction","target":["https:\/\/graficalecci.it\/?page_id=80"]}]},{"@type":"BreadcrumbList","@id":"https:\/\/graficalecci.it\/?page_id=80#breadcrumb","itemListElement":[{"@type":"ListItem","position":1,"name":"Home","item":"https:\/\/graficalecci.it\/"},{"@type":"ListItem","position":2,"name":"La tecnica del rilievo"}]},{"@type":"WebSite","@id":"https:\/\/graficalecci.it\/#website","url":"https:\/\/graficalecci.it\/","name":"Grafica Alecci","description":"Stampa in smalto-rilievo e stampa in rilievo a secco","publisher":{"@id":"https:\/\/graficalecci.it\/#organization"},"potentialAction":[{"@type":"SearchAction","target":{"@type":"EntryPoint","urlTemplate":"https:\/\/graficalecci.it\/?s={search_term_string}"},"query-input":"required name=search_term_string"}],"inLanguage":"it-IT"},{"@type":"Organization","@id":"https:\/\/graficalecci.it\/#organization","name":"Grafica Alecci","url":"https:\/\/graficalecci.it\/","logo":{"@type":"ImageObject","inLanguage":"it-IT","@id":"https:\/\/graficalecci.it\/#\/schema\/logo\/image\/","url":"https:\/\/graficalecci.it\/wp-content\/uploads\/2021\/01\/logo-flat-chiaro.png","contentUrl":"https:\/\/graficalecci.it\/wp-content\/uploads\/2021\/01\/logo-flat-chiaro.png","width":350,"height":150,"caption":"Grafica Alecci"},"image":{"@id":"https:\/\/graficalecci.it\/#\/schema\/logo\/image\/"}}]}},"_links":{"self":[{"href":"https:\/\/graficalecci.it\/index.php?rest_route=\/wp\/v2\/pages\/80","targetHints":{"allow":["GET"]}}],"collection":[{"href":"https:\/\/graficalecci.it\/index.php?rest_route=\/wp\/v2\/pages"}],"about":[{"href":"https:\/\/graficalecci.it\/index.php?rest_route=\/wp\/v2\/types\/page"}],"author":[{"embeddable":true,"href":"https:\/\/graficalecci.it\/index.php?rest_route=\/wp\/v2\/users\/1"}],"replies":[{"embeddable":true,"href":"https:\/\/graficalecci.it\/index.php?rest_route=%2Fwp%2Fv2%2Fcomments&post=80"}],"version-history":[{"count":18,"href":"https:\/\/graficalecci.it\/index.php?rest_route=\/wp\/v2\/pages\/80\/revisions"}],"predecessor-version":[{"id":395,"href":"https:\/\/graficalecci.it\/index.php?rest_route=\/wp\/v2\/pages\/80\/revisions\/395"}],"wp:featuredmedia":[{"embeddable":true,"href":"https:\/\/graficalecci.it\/index.php?rest_route=\/wp\/v2\/media\/296"}],"wp:attachment":[{"href":"https:\/\/graficalecci.it\/index.php?rest_route=%2Fwp%2Fv2%2Fmedia&parent=80"}],"curies":[{"name":"wp","href":"https:\/\/api.w.org\/{rel}","templated":true}]}}